{"id":7589,"date":"2025-05-07T10:48:18","date_gmt":"2025-05-07T08:48:18","guid":{"rendered":"https:\/\/www.bertonesementi.it\/produits\/riz\/vinarpi\/"},"modified":"2025-05-22T10:28:35","modified_gmt":"2025-05-22T08:28:35","slug":"vinarpi","status":"publish","type":"page","link":"https:\/\/www.bertonesementi.it\/fr\/produits\/riz\/vinarpi\/","title":{"rendered":"VINARPI"},"content":{"rendered":"<p>[vc_row][vc_column width=\u00a0\u00bb2\/3&Prime;][vc_single_image image=\u00a0\u00bb7571&Prime; img_size=\u00a0\u00bbfull\u00a0\u00bb alignment=\u00a0\u00bbcenter\u00a0\u00bb][vc_empty_space height=\u00a0\u00bb20px\u00a0\u00bb]<h2 class=\"box-header\">VINARPI<\/h2>[vc_empty_space height=\u00a0\u00bb12px\u00a0\u00bb][vc_column_text]<\/p>\n<h4 style=\"text-align: justify;\"><span style=\"color: #333399;\"><strong><span style=\"color: #333399;\"><em>Vari\u00e9t\u00e9 n\u00e9e des programmes d&rsquo;am\u00e9lioration g\u00e9n\u00e9tique pour la r\u00e9sistance \u00e0 la Pyricularia O.\u00a0 constitu\u00e9e en partenariat avec le CREA (Conseil pour la recherche en agriculture et l&rsquo;analyse de l&rsquo;\u00e9conomie agricole).\u00a0<\/em><\/span><\/strong><\/span><\/h4>\n<p>[\/vc_column_text][vc_empty_space height=\u00a0\u00bb12px\u00a0\u00bb][vc_column_text]<\/p>\n<h4 style=\"text-align: justify;\"><span style=\"color: #333399;\"><strong><span style=\"color: #333399;\"><em>Contrairement \u00e0 la vari\u00e9t\u00e9 de r\u00e9f\u00e9rence pour ce groupe marchand, le Vialone Nano, Vinarpi pr\u00e9sente une tol\u00e9rance \u00e9lev\u00e9e \u00e0 la maladie de la \u00a0Pyricularia O gr\u00e2ce \u00e0 ses g\u00e8nes de r\u00e9sistance tout en maintenant inchang\u00e9es les caract\u00e9ristiques organoleptiques du grain.<\/em> <\/span>\u00a0\u00a0\u00a0<\/strong>\u00a0<\/span><\/h4>\n<p>[\/vc_column_text][vc_empty_space height=\u00a0\u00bb16px\u00a0\u00bb][vc_row_inner][vc_column_inner width=\u00a0\u00bb1\/2&Prime;][vc_column_text]<\/p>\n<div align=\"justify\">\n<ul>\n<li><strong><span style=\"color: #e30613;\">PLANTE CARACT\u00c9RISTIQUE<br \/>\n<span style=\"color: #000000;\"><strong><span style=\"color: #004690;\">Taille : <\/span><\/strong><\/span><\/span><\/strong><span style=\"color: #000000;\">100 cm<\/span><strong><span style=\"color: #e30613;\"><span style=\"color: #000000;\"><strong><span style=\"color: #000000;\"><br \/>\n<span style=\"color: #000000;\"><strong><span style=\"color: #004690;\">Cycle v\u00e9g\u00e9tatif :<\/span><\/strong><\/span><\/span><\/strong><\/span><\/span><\/strong> <span style=\"color: #000000;\">150<\/span><strong><span style=\"color: #e30613;\"><span style=\"color: #000000;\"><strong><span style=\"color: #000000;\"><span style=\"color: #000000;\"><span style=\"color: #004690;\"><br \/>\n<\/span><strong><span style=\"color: #004690;\">Tallage : <\/span><\/strong><\/span><\/span><\/strong><\/span><\/span><\/strong><span style=\"color: #e30613;\"><span style=\"color: #000000;\"><span style=\"color: #000000;\"><span style=\"color: #000000;\">bonne<\/span><\/span><\/span><\/span><strong><span style=\"color: #e30613;\"><span style=\"color: #000000;\"><strong><span style=\"color: #000000;\"><span style=\"color: #000000;\"><span style=\"color: #004690;\"><br \/>\n<\/span><strong><span style=\"color: #004690;\">Barbe :<\/span><\/strong><\/span><\/span><\/strong><\/span><\/span><\/strong><span style=\"color: #000000;\"> mutiques<\/span><strong><span style=\"color: #e30613;\"><span style=\"color: #000000;\"><strong><span style=\"color: #000000;\"><span style=\"color: #000000;\"><strong><span style=\"color: #004690;\"><br \/>\nPort \u00e9pi :<\/span><\/strong><\/span><\/span><\/strong><\/span><\/span><\/strong><span style=\"color: #e30613;\"><span style=\"color: #000000;\"><span style=\"color: #000000;\"><span style=\"color: #000000;\"><span style=\"color: #004690;\"><span style=\"color: #000000;\"> semi-pendule<\/span><\/span><\/span><\/span><\/span><\/span><strong><span style=\"color: #e30613;\"><span style=\"color: #000000;\"><strong><span style=\"color: #000000;\"><span style=\"color: #000000;\"><strong><span style=\"color: #004690;\"><br \/>\nPoids 1000 graines : <\/span><\/strong><\/span><\/span><\/strong><\/span><\/span><\/strong><span style=\"color: #000000;\">49,59 g <\/span><\/li>\n<\/ul>\n<\/div>\n<p>[\/vc_column_text][vc_empty_space height=\u00a0\u00bb20px\u00a0\u00bb][vc_column_text]<\/p>\n<div align=\"justify\">\n<ul>\n<li><strong><span style=\"color: #e30613;\">R\u00c9SISTANCES<br \/>\n<span style=\"color: #000000;\"><strong><span style=\"color: #004690;\">Bipolaris O. : <\/span><\/strong><\/span><\/span><\/strong><span style=\"color: #000000;\">\u00e9lev\u00e9e<\/span><strong><span style=\"color: #e30613;\"><span style=\"color: #000000;\"><strong><span style=\"color: #004690;\"><br \/>\n<span style=\"color: #000000;\"><strong><span style=\"color: #004690;\">Pyricularia O. :<\/span><\/strong><\/span><\/span><\/strong><\/span><\/span><\/strong><span style=\"color: #000000;\"> tr\u00e8s \u00e9lev\u00e9e<\/span><strong><span style=\"color: #e30613;\"><span style=\"color: #000000;\"><strong><span style=\"color: #004690;\"><span style=\"color: #000000;\"><strong><span style=\"color: #004690;\"><br \/>\n<span style=\"color: #000000;\"><strong><span style=\"color: #004690;\">Verses :<\/span><\/strong><\/span><\/span><\/strong><\/span><\/span><\/strong><\/span><\/span><\/strong><span style=\"color: #e30613;\"><span style=\"color: #000000;\"><span style=\"color: #004690;\"><span style=\"color: #000000;\"><span style=\"color: #004690;\"><span style=\"color: #000000;\"><span style=\"color: #004690;\"><span style=\"color: #000000;\"> bon<\/span><\/span><\/span><\/span><\/span><\/span><\/span><\/span><\/li>\n<\/ul>\n<\/div>\n<p>[\/vc_column_text][\/vc_column_inner][vc_column_inner width=\u00a0\u00bb1\/2&Prime;][vc_column_text]<\/p>\n<div align=\"justify\">\n<p><strong><span style=\"color: #e30613;\">CARACT\u00c9RISTIQUES DES PRODUITS<\/span><\/strong><br \/>\n<span style=\"color: #000000;\"><strong><span style=\"color: #004690;\">Taille des carioxides\u00a0:<\/span><\/strong><span style=\"color: #004690;\"><span style=\"color: #000000;\"> 5.51 x 3,21 mm<\/span><\/span><\/span><br \/>\n<span style=\"color: #000000;\"><strong><span style=\"color: #004690;\">Rapport L\/I : <\/span><\/strong>1,71<\/span><br \/>\n<span style=\"color: #000000;\"><strong><span style=\"color: #004690;\">Cariosside\u00a0:<\/span><\/strong> perle<\/span><br \/>\n<span style=\"color: #000000;\"><strong><span style=\"color: #004690;\">Amylose\u00a0:<\/span><\/strong> \u00e9lev\u00e9 <\/span><br \/>\n<span style=\"color: #000000;\"><strong><span style=\"color: #004690;\">Groupe de produits\u00a0:<\/span><\/strong> moyen <\/span><\/p>\n<\/div>\n<p>[\/vc_column_text][vc_empty_space height=\u00a0\u00bb20px\u00a0\u00bb][\/vc_column_inner][\/vc_row_inner][vc_row_inner][vc_column_inner width=\u00a0\u00bb1\/2&Prime;][vc_empty_space height=\u00a0\u00bb20px\u00a0\u00bb][vc_single_image image=\u00a0\u00bb7564&Prime; img_size=\u00a0\u00bbfull\u00a0\u00bb alignment=\u00a0\u00bbcenter\u00a0\u00bb][\/vc_column_inner][vc_column_inner width=\u00a0\u00bb1\/2&Prime;][vc_empty_space height=\u00a0\u00bb20px\u00a0\u00bb][vc_single_image image=\u00a0\u00bb7567&Prime; img_size=\u00a0\u00bbfull\u00a0\u00bb alignment=\u00a0\u00bbcenter\u00a0\u00bb][\/vc_column_inner][\/vc_row_inner][vc_empty_space][vc_video link=\u00a0\u00bbhttps:\/\/youtu.be\/PmoGr-r2rOU?si=yrCIroaAt5CrEDb8&Prime;][\/vc_column][vc_column width=\u00a0\u00bb1\/3&Prime;][vc_empty_space height=\u00a0\u00bb20px\u00a0\u00bb][vc_widget_sidebar sidebar_id=\u00a0\u00bbsidebar-shop\u00a0\u00bb][vc_empty_space height=\u00a0\u00bb20px\u00a0\u00bb][\/vc_column][\/vc_row][vc_row type=\u00a0\u00bbfull-width\u00a0\u00bb full_width=\u00a0\u00bbstretch_row_content_no_spaces\u00a0\u00bb disable_element=\u00a0\u00bbyes\u00a0\u00bb][vc_column][vc_empty_space][vc_column_text css=\u00a0\u00bb.vc_custom_1700217269216{padding-top: 40px !important;padding-bottom: 40px !important;}\u00a0\u00bb]<\/p>\n<h1 style=\"text-align: center;\"><strong><span style=\"color: #004690;\">CONSULTA I NOSTRI CATALOGHI<\/span><\/strong><\/h1>\n<p>[\/vc_column_text][vc_row_inner type=\u00a0\u00bbfull-width\u00a0\u00bb css=\u00a0\u00bb.vc_custom_1700217485293{padding-bottom: 40px !important;background-color: #e30613 !important;}\u00a0\u00bb][vc_column_inner width=\u00a0\u00bb1\/2&Prime;][vc_btn title=\u00a0\u00bbCATALOGO CEREALI 2023&Prime; shape=\u00a0\u00bbsquare\u00a0\u00bb color=\u00a0\u00bbblue\u00a0\u00bb align=\u00a0\u00bbcenter\u00a0\u00bb i_icon_fontawesome=\u00a0\u00bbfar fa-file-pdf\u00a0\u00bb add_icon=\u00a0\u00bbtrue\u00a0\u00bb link=\u00a0\u00bburl:https%3A%2F%2Fwww.bertonesementi.it%2Fwp-content%2Fuploads%2F2023%2F11%2FCatalogo-Bertone-sementi-2023-cereali.pdf||target:%20_blank|\u00a0\u00bb][\/vc_column_inner][vc_column_inner width=\u00a0\u00bb1\/2&Prime;][vc_btn title=\u00a0\u00bbCATALOGO RISO 2023&Prime; shape=\u00a0\u00bbsquare\u00a0\u00bb color=\u00a0\u00bbblue\u00a0\u00bb align=\u00a0\u00bbcenter\u00a0\u00bb i_icon_fontawesome=\u00a0\u00bbfar fa-file-pdf\u00a0\u00bb add_icon=\u00a0\u00bbtrue\u00a0\u00bb link=\u00a0\u00bburl:https%3A%2F%2Fwww.bertonesementi.it%2Fwp-content%2Fuploads%2F2023%2F11%2FCatalogo-Riso-2023-Bertone-Sementi.pdf||target:%20_blank|\u00a0\u00bb][\/vc_column_inner][\/vc_row_inner][\/vc_column][\/vc_row]<\/p>\n","protected":false},"excerpt":{"rendered":"<p>[vc_row][vc_column width=\u00a0\u00bb2\/3&Prime;][vc_single_image image=\u00a0\u00bb7571&Prime; img_size=\u00a0\u00bbfull\u00a0\u00bb alignment=\u00a0\u00bbcenter\u00a0\u00bb][vc_empty_space height=\u00a0\u00bb20px\u00a0\u00bb][vc_empty_space height=\u00a0\u00bb12px\u00a0\u00bb][vc_column_text] Vari\u00e9t\u00e9 n\u00e9e des programmes d&rsquo;am\u00e9lioration g\u00e9n\u00e9tique pour la r\u00e9sistance \u00e0 la Pyricularia O.\u00a0 constitu\u00e9e en partenariat avec le CREA (Conseil pour la recherche en agriculture et l&rsquo;analyse de l&rsquo;\u00e9conomie agricole).\u00a0 [\/vc_column_text][vc_empty_space height=\u00a0\u00bb12px\u00a0\u00bb][vc_column_text] Contrairement \u00e0 la vari\u00e9t\u00e9 de r\u00e9f\u00e9rence pour ce groupe marchand, le Vialone Nano, Vinarpi pr\u00e9sente une<\/p>\n","protected":false},"author":1,"featured_media":0,"parent":7256,"menu_order":0,"comment_status":"closed","ping_status":"closed","template":"","meta":{"footnotes":""},"yoast_head":"<!-- This site is optimized with the Yoast SEO plugin v14.7 - https:\/\/yoast.com\/wordpress\/plugins\/seo\/ -->\n<title>VINARPI - Bertone Sementi S.p.A.<\/title>\n<meta name=\"description\" content=\"Azienda sementiera leader dal 1952 nella produzione e commercio di tutti i tipi di frumento tenero, frumento duro, orzo, riso e triticale.\" \/>\n<meta name=\"robots\" content=\"index, follow\" \/>\n<meta name=\"googlebot\" content=\"index, follow, max-snippet:-1, max-image-preview:large, max-video-preview:-1\" \/>\n<meta name=\"bingbot\" content=\"index, follow, max-snippet:-1, max-image-preview:large, max-video-preview:-1\" \/>\n<link rel=\"canonical\" href=\"https:\/\/www.bertonesementi.it\/fr\/produits\/riz\/vinarpi\/\" \/>\n<meta property=\"og:locale\" content=\"fr_FR\" \/>\n<meta property=\"og:type\" content=\"article\" \/>\n<meta property=\"og:title\" content=\"VINARPI - Bertone Sementi S.p.A.\" \/>\n<meta property=\"og:description\" content=\"Azienda sementiera leader dal 1952 nella produzione e commercio di tutti i tipi di frumento tenero, frumento duro, orzo, riso e triticale.\" \/>\n<meta property=\"og:url\" content=\"https:\/\/www.bertonesementi.it\/fr\/produits\/riz\/vinarpi\/\" \/>\n<meta property=\"og:site_name\" content=\"Bertone Sementi S.p.A.\" \/>\n<meta property=\"article:modified_time\" content=\"2025-05-22T08:28:35+00:00\" \/>\n<meta name=\"twitter:card\" content=\"summary_large_image\" \/>\n<script type=\"application\/ld+json\" class=\"yoast-schema-graph\">{\"@context\":\"https:\/\/schema.org\",\"@graph\":[{\"@type\":\"WebSite\",\"@id\":\"https:\/\/www.bertonesementi.it\/fr\/#website\",\"url\":\"https:\/\/www.bertonesementi.it\/fr\/\",\"name\":\"Bertone Sementi S.p.A.\",\"description\":\"Azienda sementiera leader dal 1952 \",\"potentialAction\":[{\"@type\":\"SearchAction\",\"target\":\"https:\/\/www.bertonesementi.it\/fr\/?s={search_term_string}\",\"query-input\":\"required name=search_term_string\"}],\"inLanguage\":\"fr-FR\"},{\"@type\":\"WebPage\",\"@id\":\"https:\/\/www.bertonesementi.it\/fr\/produits\/riz\/vinarpi\/#webpage\",\"url\":\"https:\/\/www.bertonesementi.it\/fr\/produits\/riz\/vinarpi\/\",\"name\":\"VINARPI - Bertone Sementi S.p.A.\",\"isPartOf\":{\"@id\":\"https:\/\/www.bertonesementi.it\/fr\/#website\"},\"datePublished\":\"2025-05-07T08:48:18+00:00\",\"dateModified\":\"2025-05-22T08:28:35+00:00\",\"description\":\"Azienda sementiera leader dal 1952 nella produzione e commercio di tutti i tipi di frumento tenero, frumento duro, orzo, riso e triticale.\",\"inLanguage\":\"fr-FR\",\"potentialAction\":[{\"@type\":\"ReadAction\",\"target\":[\"https:\/\/www.bertonesementi.it\/fr\/produits\/riz\/vinarpi\/\"]}]}]}<\/script>\n<!-- \/ Yoast SEO plugin. -->","_links":{"self":[{"href":"https:\/\/www.bertonesementi.it\/fr\/wp-json\/wp\/v2\/pages\/7589"}],"collection":[{"href":"https:\/\/www.bertonesementi.it\/fr\/wp-json\/wp\/v2\/pages"}],"about":[{"href":"https:\/\/www.bertonesementi.it\/fr\/wp-json\/wp\/v2\/types\/page"}],"author":[{"embeddable":true,"href":"https:\/\/www.bertonesementi.it\/fr\/wp-json\/wp\/v2\/users\/1"}],"replies":[{"embeddable":true,"href":"https:\/\/www.bertonesementi.it\/fr\/wp-json\/wp\/v2\/comments?post=7589"}],"version-history":[{"count":13,"href":"https:\/\/www.bertonesementi.it\/fr\/wp-json\/wp\/v2\/pages\/7589\/revisions"}],"predecessor-version":[{"id":7659,"href":"https:\/\/www.bertonesementi.it\/fr\/wp-json\/wp\/v2\/pages\/7589\/revisions\/7659"}],"up":[{"embeddable":true,"href":"https:\/\/www.bertonesementi.it\/fr\/wp-json\/wp\/v2\/pages\/7256"}],"wp:attachment":[{"href":"https:\/\/www.bertonesementi.it\/fr\/wp-json\/wp\/v2\/media?parent=7589"}],"curies":[{"name":"wp","href":"https:\/\/api.w.org\/{rel}","templated":true}]}}