{"id":7399,"date":"2023-11-30T15:54:41","date_gmt":"2023-11-30T14:54:41","guid":{"rendered":"https:\/\/www.bertonesementi.it\/varieta-pubbliche\/"},"modified":"2024-02-12T17:44:19","modified_gmt":"2024-02-12T16:44:19","slug":"varietes-publiques","status":"publish","type":"page","link":"https:\/\/www.bertonesementi.it\/fr\/varietes-publiques\/","title":{"rendered":"VARI\u00c9T\u00c9S PUBLIQUES"},"content":{"rendered":"<p>[vc_row][vc_column width=\u00a0\u00bb2\/3&Prime;][vc_single_image image=\u00a0\u00bb6472&Prime; img_size=\u00a0\u00bbfull\u00a0\u00bb][vc_empty_space height=\u00a0\u00bb20px\u00a0\u00bb][vc_row_inner][vc_column_inner][vc_column_text]<\/p>\n<p style=\"text-align: center;\"><span style=\"color: #000000;\">NOUS S\u00c9LECTIONNONS ET COMMERCIALISATION, EN MAINTENANT LES NORMES DE HAUTE QUALIT\u00c9 QUI CARACT\u00c9RISENT NOS PRODUITS, LES GRAINES DES VARI\u00c9T\u00c9S PUBLIQUES DES INSTITUTIONS NATIONALES DE RISI: S\u00c9L\u00c9NIUM <\/span><\/p>\n<p style=\"text-align: center;\"><span style=\"color: #000000;\">CARNAROLI <\/span><\/p>\n<p style=\"text-align: center;\"><span style=\"color: #000000;\">AUDACIEUX <\/span><\/p>\n<p style=\"text-align: center;\"><span style=\"color: #000000;\">ARBORIO<\/span><\/p>\n<p style=\"text-align: center;\"><span style=\"color: #000000;\"> S. ANDR\u00c9<\/span><\/p>\n<p>[\/vc_column_text][\/vc_column_inner][\/vc_row_inner][\/vc_column][vc_column width=\u00a0\u00bb1\/3&Prime;][vc_widget_sidebar sidebar_id=\u00a0\u00bbsidebar-home-right-style-3&Prime;][\/vc_column][\/vc_row]<\/p>\n","protected":false},"excerpt":{"rendered":"<p>[vc_row][vc_column width=\u00a0\u00bb2\/3&Prime;][vc_single_image image=\u00a0\u00bb6472&Prime; img_size=\u00a0\u00bbfull\u00a0\u00bb][vc_empty_space height=\u00a0\u00bb20px\u00a0\u00bb][vc_row_inner][vc_column_inner][vc_column_text] NOUS S\u00c9LECTIONNONS ET COMMERCIALISATION, EN MAINTENANT LES NORMES DE HAUTE QUALIT\u00c9 QUI CARACT\u00c9RISENT NOS PRODUITS, LES GRAINES DES VARI\u00c9T\u00c9S PUBLIQUES DES INSTITUTIONS NATIONALES DE RISI: S\u00c9L\u00c9NIUM CARNAROLI AUDACIEUX ARBORIO S. ANDR\u00c9 [\/vc_column_text][\/vc_column_inner][\/vc_row_inner][\/vc_column][vc_column width=\u00a0\u00bb1\/3&Prime;][vc_widget_sidebar sidebar_id=\u00a0\u00bbsidebar-home-right-style-3&Prime;][\/vc_column][\/vc_row]<\/p>\n","protected":false},"author":1,"featured_media":0,"parent":0,"menu_order":0,"comment_status":"closed","ping_status":"closed","template":"","meta":{"footnotes":""},"yoast_head":"<!-- This site is optimized with the Yoast SEO plugin v14.7 - https:\/\/yoast.com\/wordpress\/plugins\/seo\/ -->\n<title>VARI\u00c9T\u00c9S PUBLIQUES - Bertone Sementi S.p.A.<\/title>\n<meta name=\"robots\" content=\"index, follow\" \/>\n<meta name=\"googlebot\" content=\"index, follow, max-snippet:-1, max-image-preview:large, max-video-preview:-1\" \/>\n<meta name=\"bingbot\" content=\"index, follow, max-snippet:-1, max-image-preview:large, max-video-preview:-1\" \/>\n<link rel=\"canonical\" href=\"https:\/\/www.bertonesementi.it\/fr\/varietes-publiques\/\" \/>\n<meta property=\"og:locale\" content=\"fr_FR\" \/>\n<meta property=\"og:type\" content=\"article\" \/>\n<meta property=\"og:title\" content=\"VARI\u00c9T\u00c9S PUBLIQUES - Bertone Sementi S.p.A.\" \/>\n<meta property=\"og:description\" content=\"[vc_row][vc_column width=\u00a0\u00bb2\/3&Prime;][vc_single_image image=\u00a0\u00bb6472&Prime; img_size=\u00a0\u00bbfull\u00a0\u00bb][vc_empty_space height=\u00a0\u00bb20px\u00a0\u00bb][vc_row_inner][vc_column_inner][vc_column_text] NOUS S\u00c9LECTIONNONS ET COMMERCIALISATION, EN MAINTENANT LES NORMES DE HAUTE QUALIT\u00c9 QUI CARACT\u00c9RISENT NOS PRODUITS, LES GRAINES DES VARI\u00c9T\u00c9S PUBLIQUES DES INSTITUTIONS NATIONALES DE RISI: S\u00c9L\u00c9NIUM CARNAROLI AUDACIEUX ARBORIO S. ANDR\u00c9 [\/vc_column_text][\/vc_column_inner][\/vc_row_inner][\/vc_column][vc_column width=\u00a0\u00bb1\/3&Prime;][vc_widget_sidebar sidebar_id=\u00a0\u00bbsidebar-home-right-style-3&Prime;][\/vc_column][\/vc_row]\" \/>\n<meta property=\"og:url\" content=\"https:\/\/www.bertonesementi.it\/fr\/varietes-publiques\/\" \/>\n<meta property=\"og:site_name\" content=\"Bertone Sementi S.p.A.\" \/>\n<meta property=\"article:modified_time\" content=\"2024-02-12T16:44:19+00:00\" \/>\n<meta name=\"twitter:card\" content=\"summary_large_image\" \/>\n<script type=\"application\/ld+json\" class=\"yoast-schema-graph\">{\"@context\":\"https:\/\/schema.org\",\"@graph\":[{\"@type\":\"WebSite\",\"@id\":\"https:\/\/www.bertonesementi.it\/fr\/#website\",\"url\":\"https:\/\/www.bertonesementi.it\/fr\/\",\"name\":\"Bertone Sementi S.p.A.\",\"description\":\"Azienda sementiera leader dal 1952 \",\"potentialAction\":[{\"@type\":\"SearchAction\",\"target\":\"https:\/\/www.bertonesementi.it\/fr\/?s={search_term_string}\",\"query-input\":\"required name=search_term_string\"}],\"inLanguage\":\"fr-FR\"},{\"@type\":\"WebPage\",\"@id\":\"https:\/\/www.bertonesementi.it\/fr\/varietes-publiques\/#webpage\",\"url\":\"https:\/\/www.bertonesementi.it\/fr\/varietes-publiques\/\",\"name\":\"VARI\\u00c9T\\u00c9S PUBLIQUES - Bertone Sementi S.p.A.\",\"isPartOf\":{\"@id\":\"https:\/\/www.bertonesementi.it\/fr\/#website\"},\"datePublished\":\"2023-11-30T14:54:41+00:00\",\"dateModified\":\"2024-02-12T16:44:19+00:00\",\"inLanguage\":\"fr-FR\",\"potentialAction\":[{\"@type\":\"ReadAction\",\"target\":[\"https:\/\/www.bertonesementi.it\/fr\/varietes-publiques\/\"]}]}]}<\/script>\n<!-- \/ Yoast SEO plugin. -->","_links":{"self":[{"href":"https:\/\/www.bertonesementi.it\/fr\/wp-json\/wp\/v2\/pages\/7399"}],"collection":[{"href":"https:\/\/www.bertonesementi.it\/fr\/wp-json\/wp\/v2\/pages"}],"about":[{"href":"https:\/\/www.bertonesementi.it\/fr\/wp-json\/wp\/v2\/types\/page"}],"author":[{"embeddable":true,"href":"https:\/\/www.bertonesementi.it\/fr\/wp-json\/wp\/v2\/users\/1"}],"replies":[{"embeddable":true,"href":"https:\/\/www.bertonesementi.it\/fr\/wp-json\/wp\/v2\/comments?post=7399"}],"version-history":[{"count":2,"href":"https:\/\/www.bertonesementi.it\/fr\/wp-json\/wp\/v2\/pages\/7399\/revisions"}],"predecessor-version":[{"id":7401,"href":"https:\/\/www.bertonesementi.it\/fr\/wp-json\/wp\/v2\/pages\/7399\/revisions\/7401"}],"wp:attachment":[{"href":"https:\/\/www.bertonesementi.it\/fr\/wp-json\/wp\/v2\/media?parent=7399"}],"curies":[{"name":"wp","href":"https:\/\/api.w.org\/{rel}","templated":true}]}}