{"id":7316,"date":"2023-11-20T14:41:37","date_gmt":"2023-11-20T13:41:37","guid":{"rendered":"https:\/\/www.bertonesementi.it\/produits\/riz\/wang\/"},"modified":"2024-02-12T16:47:16","modified_gmt":"2024-02-12T15:47:16","slug":"wang","status":"publish","type":"page","link":"https:\/\/www.bertonesementi.it\/fr\/produits\/riz\/wang\/","title":{"rendered":"WANG"},"content":{"rendered":"<p>[vc_row][vc_column width=\u00a0\u00bb2\/3&Prime;][vc_single_image image=\u00a0\u00bb5828&Prime; img_size=\u00a0\u00bbfull\u00a0\u00bb alignment=\u00a0\u00bbcenter\u00a0\u00bb][vc_empty_space height=\u00a0\u00bb20px\u00a0\u00bb]<h2 class=\"box-header\">WANG<\/h2>[vc_empty_space height=\u00a0\u00bb12px\u00a0\u00bb][vc_column_text]<\/p>\n<h4 style=\"text-align: justify;\"><strong><span style=\"color: #004690;\">Grain de type moyenne, cristallin. Le cycle vegetative est pr\u00e9coce, elle permet d\u2019etre sem\u00e9e jusqu\u2019 au 20 Mai. Hauteur de la plante courte, forte r\u00e9sistance \u00e0 la verse bonne r\u00e9sistance \u00e0 la Pyricularia O. Dose recommand\u00e9e de semence par hectare 180-200 Kg.<\/span><\/strong><\/h4>\n<p>[\/vc_column_text][vc_empty_space height=\u00a0\u00bb16px\u00a0\u00bb][vc_row_inner][vc_column_inner width=\u00a0\u00bb1\/2&Prime;][vc_column_text]<\/p>\n<div align=\"justify\">\n<ul>\n<li style=\"text-align: justify;\"><strong><span style=\"color: #e30613;\">PLANTE CARACT\u00c9RISTIQUE<\/span><\/strong><br \/>\n<span style=\"color: #000000;\"><strong><span style=\"color: #004690;\">\u2022 Taille:<\/span><\/strong> 80 cm<\/span><br \/>\n<span style=\"color: #000000;\"><strong><span style=\"color: #004690;\">\u2022 Cycle v\u00e9g\u00e9tatif:<\/span><\/strong> 150<\/span><br \/>\n<span style=\"color: #000000;\"><strong><span style=\"color: #004690;\">\u2022 Tallage:<\/span><\/strong> \u00e9lev\u00e9<\/span><br \/>\n<span style=\"color: #000000;\"><strong><span style=\"color: #004690;\">\u2022 Barbe:<\/span> <\/strong>mutique<\/span><br \/>\n<span style=\"color: #000000;\"><strong><span style=\"color: #004690;\">\u2022 Port \u00e9pi:<\/span> <\/strong>semi-\u00e9rig\u00e9<\/span><br \/>\n<span style=\"color: #000000;\"><strong><span style=\"color: #004690;\">\u2022 Poids 1000 graines:<\/span><\/strong> 30,0 g<\/span><\/li>\n<\/ul>\n<\/div>\n<p>[\/vc_column_text][vc_empty_space height=\u00a0\u00bb20px\u00a0\u00bb][vc_column_text]<\/p>\n<div align=\"justify\">\n<ul>\n<li style=\"text-align: justify;\"><strong><span style=\"color: #e30613;\">R\u00c9SISTANCES<\/span><\/strong><br \/>\n<span style=\"color: #000000;\"><strong><span style=\"color: #004690;\">\u2022 Bipolaris O.:<\/span> <\/strong>bon<\/span><br \/>\n<span style=\"color: #000000;\"><strong><span style=\"color: #004690;\">\u2022 Pyricularia O.:<\/span><\/strong> bon<\/span><br \/>\n<span style=\"color: #000000;\"><strong><span style=\"color: #004690;\">\u2022 Verses:<\/span><\/strong> bon<\/span><\/li>\n<\/ul>\n<\/div>\n<p>[\/vc_column_text][\/vc_column_inner][vc_column_inner width=\u00a0\u00bb1\/2&Prime;][vc_column_text]<\/p>\n<div align=\"justify\">\n<ul>\n<li style=\"text-align: justify;\"><span style=\"color: #000000;\"><strong><span style=\"color: #e30613;\">CARACT\u00c9RISTIQUES DES PRODUITS<\/span><\/strong><br \/>\n<strong><span style=\"color: #004690;\">\u2022 Taille des carioxides: <\/span><\/strong>5,20 x 3,0 mm<br \/>\n<strong><span style=\"color: #004690;\">\u2022 Rapport L\/I:<\/span><\/strong> 1,73<br \/>\n<strong><span style=\"color: #004690;\">\u2022 Carioxide:<\/span><\/strong> perl\u00e9<br \/>\n<strong><span style=\"color: #004690;\">\u2022 Groupe de produits:<\/span><\/strong> moyen<\/span><\/li>\n<\/ul>\n<\/div>\n<p>[\/vc_column_text][vc_empty_space height=\u00a0\u00bb20px\u00a0\u00bb][\/vc_column_inner][\/vc_row_inner][vc_row_inner][vc_column_inner width=\u00a0\u00bb1\/2&Prime;][vc_empty_space height=\u00a0\u00bb20px\u00a0\u00bb][vc_single_image image=\u00a0\u00bb6389&Prime; img_size=\u00a0\u00bbfull\u00a0\u00bb alignment=\u00a0\u00bbcenter\u00a0\u00bb][\/vc_column_inner][vc_column_inner width=\u00a0\u00bb1\/2&Prime;][vc_empty_space height=\u00a0\u00bb20px\u00a0\u00bb][vc_single_image image=\u00a0\u00bb6393&Prime; img_size=\u00a0\u00bbfull\u00a0\u00bb alignment=\u00a0\u00bbcenter\u00a0\u00bb][\/vc_column_inner][\/vc_row_inner][vc_row_inner][vc_column_inner][vc_empty_space height=\u00a0\u00bb50px\u00a0\u00bb][vc_video link=\u00a0\u00bbhttps:\/\/youtu.be\/SH2cFiS5WZ4&Prime; align=\u00a0\u00bbcenter\u00a0\u00bb][\/vc_column_inner][\/vc_row_inner][\/vc_column][vc_column width=\u00a0\u00bb1\/3&Prime;][vc_empty_space height=\u00a0\u00bb20px\u00a0\u00bb][vc_widget_sidebar sidebar_id=\u00a0\u00bbsidebar-shop\u00a0\u00bb][vc_empty_space height=\u00a0\u00bb20px\u00a0\u00bb][\/vc_column][\/vc_row][vc_row type=\u00a0\u00bbfull-width\u00a0\u00bb full_width=\u00a0\u00bbstretch_row_content_no_spaces\u00a0\u00bb disable_element=\u00a0\u00bbyes\u00a0\u00bb][vc_column][vc_empty_space][vc_column_text css=\u00a0\u00bb.vc_custom_1700217269216{padding-top: 40px !important;padding-bottom: 40px !important;}\u00a0\u00bb]<\/p>\n<h1 style=\"text-align: center;\"><strong><span style=\"color: #004690;\">CONSULTA I NOSTRI CATALOGHI<\/span><\/strong><\/h1>\n<p>[\/vc_column_text][vc_row_inner type=\u00a0\u00bbfull-width\u00a0\u00bb css=\u00a0\u00bb.vc_custom_1701334324731{padding-bottom: 15px !important;}\u00a0\u00bb][vc_column_inner][vc_btn title=\u00a0\u00bbCATALOGO CEREALI 2023&Prime; shape=\u00a0\u00bbsquare\u00a0\u00bb color=\u00a0\u00bbdanger\u00a0\u00bb align=\u00a0\u00bbcenter\u00a0\u00bb i_icon_fontawesome=\u00a0\u00bbfar fa-file-pdf\u00a0\u00bb button_block=\u00a0\u00bbtrue\u00a0\u00bb add_icon=\u00a0\u00bbtrue\u00a0\u00bb link=\u00a0\u00bburl:https%3A%2F%2Fwww.bertonesementi.it%2Fwp-content%2Fuploads%2F2023%2F11%2FCatalogo-Bertone-sementi-2023-cereali.pdf||target:%20_blank|\u00a0\u00bb][vc_btn title=\u00a0\u00bbCATALOGO RISO 2023&Prime; shape=\u00a0\u00bbsquare\u00a0\u00bb color=\u00a0\u00bbdanger\u00a0\u00bb align=\u00a0\u00bbcenter\u00a0\u00bb i_icon_fontawesome=\u00a0\u00bbfar fa-file-pdf\u00a0\u00bb button_block=\u00a0\u00bbtrue\u00a0\u00bb add_icon=\u00a0\u00bbtrue\u00a0\u00bb link=\u00a0\u00bburl:https%3A%2F%2Fwww.bertonesementi.it%2Fwp-content%2Fuploads%2F2023%2F11%2FCatalogo-Riso-2023-Bertone-Sementi.pdf||target:%20_blank|\u00a0\u00bb][\/vc_column_inner][\/vc_row_inner][\/vc_column][\/vc_row]<\/p>\n","protected":false},"excerpt":{"rendered":"<p>[vc_row][vc_column width=\u00a0\u00bb2\/3&Prime;][vc_single_image image=\u00a0\u00bb5828&Prime; img_size=\u00a0\u00bbfull\u00a0\u00bb alignment=\u00a0\u00bbcenter\u00a0\u00bb][vc_empty_space height=\u00a0\u00bb20px\u00a0\u00bb][vc_empty_space height=\u00a0\u00bb12px\u00a0\u00bb][vc_column_text] Grain de type moyenne, cristallin. Le cycle vegetative est pr\u00e9coce, elle permet d\u2019etre sem\u00e9e jusqu\u2019 au 20 Mai. Hauteur de la plante courte, forte r\u00e9sistance \u00e0 la verse bonne r\u00e9sistance \u00e0 la Pyricularia O. Dose recommand\u00e9e de semence par hectare 180-200 Kg. [\/vc_column_text][vc_empty_space height=\u00a0\u00bb16px\u00a0\u00bb][vc_row_inner][vc_column_inner width=\u00a0\u00bb1\/2&Prime;][vc_column_text] PLANTE CARACT\u00c9RISTIQUE \u2022<\/p>\n","protected":false},"author":1,"featured_media":0,"parent":7256,"menu_order":0,"comment_status":"closed","ping_status":"closed","template":"","meta":{"footnotes":""},"yoast_head":"<!-- This site is optimized with the Yoast SEO plugin v14.7 - https:\/\/yoast.com\/wordpress\/plugins\/seo\/ -->\n<title>WANG - Bertone Sementi S.p.A.<\/title>\n<meta name=\"description\" content=\"Azienda sementiera leader dal 1952 nella produzione e commercio di tutti i tipi di frumento tenero, frumento duro, orzo, riso e triticale.\" \/>\n<meta name=\"robots\" content=\"index, follow\" \/>\n<meta name=\"googlebot\" content=\"index, follow, max-snippet:-1, max-image-preview:large, max-video-preview:-1\" \/>\n<meta name=\"bingbot\" content=\"index, follow, max-snippet:-1, max-image-preview:large, max-video-preview:-1\" \/>\n<link rel=\"canonical\" href=\"https:\/\/www.bertonesementi.it\/fr\/produits\/riz\/wang\/\" \/>\n<meta property=\"og:locale\" content=\"fr_FR\" \/>\n<meta property=\"og:type\" content=\"article\" \/>\n<meta property=\"og:title\" content=\"WANG - Bertone Sementi S.p.A.\" \/>\n<meta property=\"og:description\" content=\"Azienda sementiera leader dal 1952 nella produzione e commercio di tutti i tipi di frumento tenero, frumento duro, orzo, riso e triticale.\" \/>\n<meta property=\"og:url\" content=\"https:\/\/www.bertonesementi.it\/fr\/produits\/riz\/wang\/\" \/>\n<meta property=\"og:site_name\" content=\"Bertone Sementi S.p.A.\" \/>\n<meta property=\"article:modified_time\" content=\"2024-02-12T15:47:16+00:00\" \/>\n<meta name=\"twitter:card\" content=\"summary_large_image\" \/>\n<script type=\"application\/ld+json\" class=\"yoast-schema-graph\">{\"@context\":\"https:\/\/schema.org\",\"@graph\":[{\"@type\":\"WebSite\",\"@id\":\"https:\/\/www.bertonesementi.it\/fr\/#website\",\"url\":\"https:\/\/www.bertonesementi.it\/fr\/\",\"name\":\"Bertone Sementi S.p.A.\",\"description\":\"Azienda sementiera leader dal 1952 \",\"potentialAction\":[{\"@type\":\"SearchAction\",\"target\":\"https:\/\/www.bertonesementi.it\/fr\/?s={search_term_string}\",\"query-input\":\"required name=search_term_string\"}],\"inLanguage\":\"fr-FR\"},{\"@type\":\"WebPage\",\"@id\":\"https:\/\/www.bertonesementi.it\/fr\/produits\/riz\/wang\/#webpage\",\"url\":\"https:\/\/www.bertonesementi.it\/fr\/produits\/riz\/wang\/\",\"name\":\"WANG - Bertone Sementi S.p.A.\",\"isPartOf\":{\"@id\":\"https:\/\/www.bertonesementi.it\/fr\/#website\"},\"datePublished\":\"2023-11-20T13:41:37+00:00\",\"dateModified\":\"2024-02-12T15:47:16+00:00\",\"description\":\"Azienda sementiera leader dal 1952 nella produzione e commercio di tutti i tipi di frumento tenero, frumento duro, orzo, riso e triticale.\",\"inLanguage\":\"fr-FR\",\"potentialAction\":[{\"@type\":\"ReadAction\",\"target\":[\"https:\/\/www.bertonesementi.it\/fr\/produits\/riz\/wang\/\"]}]}]}<\/script>\n<!-- \/ Yoast SEO plugin. -->","_links":{"self":[{"href":"https:\/\/www.bertonesementi.it\/fr\/wp-json\/wp\/v2\/pages\/7316"}],"collection":[{"href":"https:\/\/www.bertonesementi.it\/fr\/wp-json\/wp\/v2\/pages"}],"about":[{"href":"https:\/\/www.bertonesementi.it\/fr\/wp-json\/wp\/v2\/types\/page"}],"author":[{"embeddable":true,"href":"https:\/\/www.bertonesementi.it\/fr\/wp-json\/wp\/v2\/users\/1"}],"replies":[{"embeddable":true,"href":"https:\/\/www.bertonesementi.it\/fr\/wp-json\/wp\/v2\/comments?post=7316"}],"version-history":[{"count":2,"href":"https:\/\/www.bertonesementi.it\/fr\/wp-json\/wp\/v2\/pages\/7316\/revisions"}],"predecessor-version":[{"id":7318,"href":"https:\/\/www.bertonesementi.it\/fr\/wp-json\/wp\/v2\/pages\/7316\/revisions\/7318"}],"up":[{"embeddable":true,"href":"https:\/\/www.bertonesementi.it\/fr\/wp-json\/wp\/v2\/pages\/7256"}],"wp:attachment":[{"href":"https:\/\/www.bertonesementi.it\/fr\/wp-json\/wp\/v2\/media?parent=7316"}],"curies":[{"name":"wp","href":"https:\/\/api.w.org\/{rel}","templated":true}]}}