{"id":7183,"date":"2020-05-26T10:54:32","date_gmt":"2020-05-26T08:54:32","guid":{"rendered":"https:\/\/www.bertonesementi.it\/?page_id=7183"},"modified":"2025-08-08T12:01:03","modified_gmt":"2025-08-08T10:01:03","slug":"societe","status":"publish","type":"page","link":"https:\/\/www.bertonesementi.it\/fr\/societe\/","title":{"rendered":"SOCI\u00c9T\u00c9"},"content":{"rendered":"<p>[vc_row][vc_column width=\u00a0\u00bb2\/3&Prime;][vc_single_image image=\u00a0\u00bb5267&Prime; img_size=\u00a0\u00bbfull\u00a0\u00bb][vc_empty_space height=\u00a0\u00bb20px\u00a0\u00bb]<h2 class=\"box-header\">NOTRE HISTOIRE<\/h2>[vc_empty_space height=\u00a0\u00bb20px\u00a0\u00bb][vc_column_text]<\/p>\n<div align=\"justify\">\n<p style=\"text-align: justify;\"><span style=\"color: #000000;\"><strong>En 1952, Carlo Bertone a fond\u00e9 \u00e0 Casale Monferrato la soci\u00e9t\u00e9 Bertone Sementi. Son intuition lui a permis de comprendre tres tot que tous les d\u00e9veloppements futurs de l\u2019agriculture s\u2019accompagneraient d\u2019une demande accrue de semences de qualit\u00e9, et d\u2019exp\u00e9rimenter de nouvelles vari\u00e9t\u00e9s.<\/strong> Au cours de ces ann\u00e9es, la soci\u00e9t\u00e9 s\u2019est principalement consacr\u00e9e \u00e0 la production de semences de bl\u00e9 tendre et d\u2019orge, en utilisant le service de certification volontaire de CREA.<\/span><\/p>\n<p style=\"text-align: justify;\"><span style=\"color: #000000;\"><strong>Au d\u00e9but des ann\u00e9es 1960, la production de semences de riz a commenc\u00e9; en pue de temps, ce produit, gr\u00e2ce au succ\u00e8s commercial obtenu en Italie et \u00e0 l\u2019\u00e9tranger, a caract\u00e9ris\u00e9 l\u2019entreprise, jusqu\u2019\u00e0 ce qu\u2019elle devienne le premier producteur national dans les ann\u00e9es 1990<\/strong>. L\u2019augmentation continue des ventes encourage la propri\u00e9t\u00e9 \u00e0 la construction d\u2019une nouvelle usine \u00e0 Terruggia, localit\u00e9 situ\u00e9e \u00e0 quelques kilom\u00e8tres de Casale Monferrato.<\/span><\/p>\n<\/div>\n<p>[\/vc_column_text][\/vc_column][vc_column width=\u00a0\u00bb1\/3&Prime;][vc_widget_sidebar sidebar_id=\u00a0\u00bbsidebar-home-right-style-2&Prime;][\/vc_column][\/vc_row][vc_row type=\u00a0\u00bbfull-width\u00a0\u00bb full_width=\u00a0\u00bbstretch_row_content_no_spaces\u00a0\u00bb][vc_column][vc_empty_space][vc_column_text css=\u00a0\u00bb.vc_custom_1707493993342{padding-top: 40px !important;padding-bottom: 40px !important;}\u00a0\u00bb]<\/p>\n<h1 style=\"text-align: center;\"><strong><span style=\"color: #004690;\"><br \/>\nCONSULTEZ NOS CATALOGUES<\/span><\/strong><\/h1>\n<p>[\/vc_column_text][vc_row_inner type=\u00a0\u00bbfull-width\u00a0\u00bb css=\u00a0\u00bb.vc_custom_1701277563118{padding-top: 20px !important;}\u00a0\u00bb][vc_column_inner][vc_btn title=\u00a0\u00bbCATALOGUE DES C\u00c9R\u00c9ALES 2025&Prime; shape=\u00a0\u00bbsquare\u00a0\u00bb color=\u00a0\u00bbdanger\u00a0\u00bb align=\u00a0\u00bbcenter\u00a0\u00bb i_icon_fontawesome=\u00a0\u00bbfar fa-file-pdf\u00a0\u00bb button_block=\u00a0\u00bbtrue\u00a0\u00bb add_icon=\u00a0\u00bbtrue\u00a0\u00bb link=\u00a0\u00bburl:https%3A%2F%2Fwww.bertonesementi.it%2Fwp-content%2Fuploads%2F2025%2F08%2FCatalogo-Colture-Autunnali-2025.pdf||target:%20_blank|\u00a0\u00bb][vc_btn title=\u00a0\u00bbCATALOGUE RIZ 2025&Prime; shape=\u00a0\u00bbsquare\u00a0\u00bb color=\u00a0\u00bbdanger\u00a0\u00bb align=\u00a0\u00bbcenter\u00a0\u00bb i_icon_fontawesome=\u00a0\u00bbfar fa-file-pdf\u00a0\u00bb button_block=\u00a0\u00bbtrue\u00a0\u00bb add_icon=\u00a0\u00bbtrue\u00a0\u00bb link=\u00a0\u00bburl:https%3A%2F%2Fwww.bertonesementi.it%2Fwp-content%2Fuploads%2F2025%2F08%2FCatalogo-Riso-Soia-2025.pdf||target:%20_blank|\u00a0\u00bb][\/vc_column_inner][\/vc_row_inner][\/vc_column][\/vc_row]<\/p>\n","protected":false},"excerpt":{"rendered":"<p>[vc_row][vc_column width=\u00a0\u00bb2\/3&Prime;][vc_single_image image=\u00a0\u00bb5267&Prime; img_size=\u00a0\u00bbfull\u00a0\u00bb][vc_empty_space height=\u00a0\u00bb20px\u00a0\u00bb][vc_empty_space height=\u00a0\u00bb20px\u00a0\u00bb][vc_column_text] En 1952, Carlo Bertone a fond\u00e9 \u00e0 Casale Monferrato la soci\u00e9t\u00e9 Bertone Sementi. Son intuition lui a permis de comprendre tres tot que tous les d\u00e9veloppements futurs de l\u2019agriculture s\u2019accompagneraient d\u2019une demande accrue de semences de qualit\u00e9, et d\u2019exp\u00e9rimenter de nouvelles vari\u00e9t\u00e9s. Au cours de ces ann\u00e9es, la soci\u00e9t\u00e9<\/p>\n","protected":false},"author":1,"featured_media":0,"parent":0,"menu_order":0,"comment_status":"closed","ping_status":"closed","template":"","meta":{"footnotes":""},"yoast_head":"<!-- This site is optimized with the Yoast SEO plugin v14.7 - https:\/\/yoast.com\/wordpress\/plugins\/seo\/ -->\n<title>SOCI\u00c9T\u00c9 - Bertone Sementi S.p.A.<\/title>\n<meta name=\"robots\" content=\"index, follow\" \/>\n<meta name=\"googlebot\" content=\"index, follow, max-snippet:-1, max-image-preview:large, max-video-preview:-1\" \/>\n<meta name=\"bingbot\" content=\"index, follow, max-snippet:-1, max-image-preview:large, max-video-preview:-1\" \/>\n<link rel=\"canonical\" href=\"https:\/\/www.bertonesementi.it\/fr\/societe\/\" \/>\n<meta property=\"og:locale\" content=\"fr_FR\" \/>\n<meta property=\"og:type\" content=\"article\" \/>\n<meta property=\"og:title\" content=\"SOCI\u00c9T\u00c9 - Bertone Sementi S.p.A.\" \/>\n<meta property=\"og:description\" content=\"[vc_row][vc_column width=\u00a0\u00bb2\/3&Prime;][vc_single_image image=\u00a0\u00bb5267&Prime; img_size=\u00a0\u00bbfull\u00a0\u00bb][vc_empty_space height=\u00a0\u00bb20px\u00a0\u00bb][vc_empty_space height=\u00a0\u00bb20px\u00a0\u00bb][vc_column_text] En 1952, Carlo Bertone a fond\u00e9 \u00e0 Casale Monferrato la soci\u00e9t\u00e9 Bertone Sementi. Son intuition lui a permis de comprendre tres tot que tous les d\u00e9veloppements futurs de l\u2019agriculture s\u2019accompagneraient d\u2019une demande accrue de semences de qualit\u00e9, et d\u2019exp\u00e9rimenter de nouvelles vari\u00e9t\u00e9s. Au cours de ces ann\u00e9es, la soci\u00e9t\u00e9\" \/>\n<meta property=\"og:url\" content=\"https:\/\/www.bertonesementi.it\/fr\/societe\/\" \/>\n<meta property=\"og:site_name\" content=\"Bertone Sementi S.p.A.\" \/>\n<meta property=\"article:modified_time\" content=\"2025-08-08T10:01:03+00:00\" \/>\n<meta name=\"twitter:card\" content=\"summary_large_image\" \/>\n<script type=\"application\/ld+json\" class=\"yoast-schema-graph\">{\"@context\":\"https:\/\/schema.org\",\"@graph\":[{\"@type\":\"WebSite\",\"@id\":\"https:\/\/www.bertonesementi.it\/fr\/#website\",\"url\":\"https:\/\/www.bertonesementi.it\/fr\/\",\"name\":\"Bertone Sementi S.p.A.\",\"description\":\"Azienda sementiera leader dal 1952 \",\"potentialAction\":[{\"@type\":\"SearchAction\",\"target\":\"https:\/\/www.bertonesementi.it\/fr\/?s={search_term_string}\",\"query-input\":\"required name=search_term_string\"}],\"inLanguage\":\"fr-FR\"},{\"@type\":\"WebPage\",\"@id\":\"https:\/\/www.bertonesementi.it\/fr\/societe\/#webpage\",\"url\":\"https:\/\/www.bertonesementi.it\/fr\/societe\/\",\"name\":\"SOCI\\u00c9T\\u00c9 - Bertone Sementi S.p.A.\",\"isPartOf\":{\"@id\":\"https:\/\/www.bertonesementi.it\/fr\/#website\"},\"datePublished\":\"2020-05-26T08:54:32+00:00\",\"dateModified\":\"2025-08-08T10:01:03+00:00\",\"inLanguage\":\"fr-FR\",\"potentialAction\":[{\"@type\":\"ReadAction\",\"target\":[\"https:\/\/www.bertonesementi.it\/fr\/societe\/\"]}]}]}<\/script>\n<!-- \/ Yoast SEO plugin. -->","_links":{"self":[{"href":"https:\/\/www.bertonesementi.it\/fr\/wp-json\/wp\/v2\/pages\/7183"}],"collection":[{"href":"https:\/\/www.bertonesementi.it\/fr\/wp-json\/wp\/v2\/pages"}],"about":[{"href":"https:\/\/www.bertonesementi.it\/fr\/wp-json\/wp\/v2\/types\/page"}],"author":[{"embeddable":true,"href":"https:\/\/www.bertonesementi.it\/fr\/wp-json\/wp\/v2\/users\/1"}],"replies":[{"embeddable":true,"href":"https:\/\/www.bertonesementi.it\/fr\/wp-json\/wp\/v2\/comments?post=7183"}],"version-history":[{"count":10,"href":"https:\/\/www.bertonesementi.it\/fr\/wp-json\/wp\/v2\/pages\/7183\/revisions"}],"predecessor-version":[{"id":7694,"href":"https:\/\/www.bertonesementi.it\/fr\/wp-json\/wp\/v2\/pages\/7183\/revisions\/7694"}],"wp:attachment":[{"href":"https:\/\/www.bertonesementi.it\/fr\/wp-json\/wp\/v2\/media?parent=7183"}],"curies":[{"name":"wp","href":"https:\/\/api.w.org\/{rel}","templated":true}]}}